{"id":626,"date":"2025-11-09T12:39:07","date_gmt":"2025-11-09T11:39:07","guid":{"rendered":"https:\/\/www.terron.sk\/?page_id=626"},"modified":"2025-11-10T00:38:35","modified_gmt":"2025-11-09T23:38:35","slug":"about-2","status":"publish","type":"page","link":"https:\/\/www.terron.sk\/index.php\/about-2\/","title":{"rendered":"ABOUT"},"content":{"rendered":"\t\t<div data-elementor-type=\"wp-page\" data-elementor-id=\"626\" class=\"elementor elementor-626\" data-elementor-settings=\"{&quot;ha_cmc_init_switcher&quot;:&quot;no&quot;}\">\n\t\t\t\t<div class=\"elementor-element elementor-element-b584f31 e-grid e-con-boxed e-con e-parent\" data-id=\"b584f31\" data-element_type=\"container\" data-settings=\"{&quot;_ha_eqh_enable&quot;:false}\">\n\t\t\t\t\t<div class=\"e-con-inner\">\n\t\t\t\t<div class=\"elementor-element elementor-element-d649cb2 elementor-widget-divider--view-line elementor-widget elementor-widget-divider\" data-id=\"d649cb2\" data-element_type=\"widget\" data-widget_type=\"divider.default\">\n\t\t\t\t<div class=\"elementor-widget-container\">\n\t\t\t\t\t\t\t<div class=\"elementor-divider\">\n\t\t\t<span class=\"elementor-divider-separator\">\n\t\t\t\t\t\t<\/span>\n\t\t<\/div>\n\t\t\t\t\t\t<\/div>\n\t\t\t\t<\/div>\n\t\t\t\t<div class=\"elementor-element elementor-element-1e70e7a elementor-widget elementor-widget-heading\" data-id=\"1e70e7a\" data-element_type=\"widget\" data-widget_type=\"heading.default\">\n\t\t\t\t<div class=\"elementor-widget-container\">\n\t\t\t\t\t<h2 class=\"elementor-heading-title elementor-size-default\">Engineered in Slovakia. Crafted for the World.<\/h2>\t\t\t\t<\/div>\n\t\t\t\t<\/div>\n\t\t\t\t<div class=\"elementor-element elementor-element-6062767 elementor-widget elementor-widget-spacer\" data-id=\"6062767\" data-element_type=\"widget\" data-widget_type=\"spacer.default\">\n\t\t\t\t<div class=\"elementor-widget-container\">\n\t\t\t\t\t\t\t<div class=\"elementor-spacer\">\n\t\t\t<div class=\"elementor-spacer-inner\"><\/div>\n\t\t<\/div>\n\t\t\t\t\t\t<\/div>\n\t\t\t\t<\/div>\n\t\t\t\t<div class=\"elementor-element elementor-element-feb9fa8 elementor-widget elementor-widget-spacer\" data-id=\"feb9fa8\" data-element_type=\"widget\" data-widget_type=\"spacer.default\">\n\t\t\t\t<div class=\"elementor-widget-container\">\n\t\t\t\t\t\t\t<div class=\"elementor-spacer\">\n\t\t\t<div class=\"elementor-spacer-inner\"><\/div>\n\t\t<\/div>\n\t\t\t\t\t\t<\/div>\n\t\t\t\t<\/div>\n\t\t<div class=\"elementor-element elementor-element-0f7017a e-grid e-con-full e-con e-child\" data-id=\"0f7017a\" data-element_type=\"container\" data-settings=\"{&quot;_ha_eqh_enable&quot;:false}\">\n\t\t\t\t<div class=\"elementor-element elementor-element-5523c83 elementor-widget elementor-widget-text-editor\" data-id=\"5523c83\" data-element_type=\"widget\" data-widget_type=\"text-editor.default\">\n\t\t\t\t<div class=\"elementor-widget-container\">\n\t\t\t\t\t\t\t\t\t<h4 data-start=\"230\" data-end=\"262\">\u00a0About<\/h4><p>The <strong data-start=\"4\" data-end=\"14\">TERRON<\/strong> brand was born from years of experience in the <strong data-start=\"62\" data-end=\"143\">design, development, and production of military and special-purpose vehicles. <\/strong>Our team has been behind several <strong data-start=\"179\" data-end=\"223\">armored and tactical platform prototypes<\/strong>, from conceptual design to <strong data-start=\"251\" data-end=\"301\">testing of ballistic and anti-blast protection<\/strong>.<\/p>\t\t\t\t\t\t\t\t<\/div>\n\t\t\t\t<\/div>\n\t\t\t\t<div class=\"elementor-element elementor-element-89f483c elementor-widget elementor-widget-image\" data-id=\"89f483c\" data-element_type=\"widget\" data-widget_type=\"image.default\">\n\t\t\t\t<div class=\"elementor-widget-container\">\n\t\t\t\t\t\t\t\t\t\t\t\t\t\t\t<img fetchpriority=\"high\" decoding=\"async\" width=\"800\" height=\"327\" src=\"https:\/\/www.terron.sk\/wp-content\/uploads\/2025\/11\/About_03-1024x419.png\" class=\"attachment-large size-large wp-image-699\" alt=\"Terron UMBRA vehicle render\" srcset=\"https:\/\/www.terron.sk\/wp-content\/uploads\/2025\/11\/About_03-1024x419.png 1024w, https:\/\/www.terron.sk\/wp-content\/uploads\/2025\/11\/About_03-300x123.png 300w, https:\/\/www.terron.sk\/wp-content\/uploads\/2025\/11\/About_03-768x314.png 768w, https:\/\/www.terron.sk\/wp-content\/uploads\/2025\/11\/About_03-1536x629.png 1536w, https:\/\/www.terron.sk\/wp-content\/uploads\/2025\/11\/About_03-2048x838.png 2048w\" sizes=\"(max-width: 800px) 100vw, 800px\" \/>\t\t\t\t\t\t\t\t\t\t\t\t\t\t\t<\/div>\n\t\t\t\t<\/div>\n\t\t\t\t<\/div>\n\t\t\t\t<div class=\"elementor-element elementor-element-50dda2c elementor-widget elementor-widget-spacer\" data-id=\"50dda2c\" data-element_type=\"widget\" data-widget_type=\"spacer.default\">\n\t\t\t\t<div class=\"elementor-widget-container\">\n\t\t\t\t\t\t\t<div class=\"elementor-spacer\">\n\t\t\t<div class=\"elementor-spacer-inner\"><\/div>\n\t\t<\/div>\n\t\t\t\t\t\t<\/div>\n\t\t\t\t<\/div>\n\t\t<div class=\"elementor-element elementor-element-bb3f548 e-grid e-con-full e-con e-child\" data-id=\"bb3f548\" data-element_type=\"container\" data-settings=\"{&quot;_ha_eqh_enable&quot;:false}\">\n\t\t\t\t<div class=\"elementor-element elementor-element-e69b1ee elementor-widget elementor-widget-text-editor\" data-id=\"e69b1ee\" data-element_type=\"widget\" data-widget_type=\"text-editor.default\">\n\t\t\t\t<div class=\"elementor-widget-container\">\n\t\t\t\t\t\t\t\t\t<p data-start=\"306\" data-end=\"559\">Based on this expertise, the idea emerged to <strong data-start=\"351\" data-end=\"409\">transfer our military know-how into the civilian world<\/strong> \u2014 combining <strong data-start=\"422\" data-end=\"479\">durability, functionality, and ballistic technologies<\/strong> with the <strong data-start=\"489\" data-end=\"518\">luxury, power, and design<\/strong> of high-performance civilian vehicles.<\/p><p data-start=\"561\" data-end=\"905\">This is how <strong data-start=\"573\" data-end=\"583\">TERRON<\/strong> was created \u2014 a vehicle that fuses <strong data-start=\"619\" data-end=\"635\">military DNA<\/strong> with <strong data-start=\"641\" data-end=\"683\">artistic aesthetics and modern luxury. <\/strong>Its body features <strong data-start=\"704\" data-end=\"760\">3D-printed structures, composite ballistic materials<\/strong>, and <strong data-start=\"766\" data-end=\"817\">architecture engineered for extreme conditions. <\/strong>Each unit is a <strong data-start=\"835\" data-end=\"859\">handcrafted original<\/strong>, a reflection of its owner\u2019s individuality.<\/p><p data-start=\"907\" data-end=\"1095\" data-is-last-node=\"\" data-is-only-node=\"\"><strong data-start=\"907\" data-end=\"940\">TERRON is not just a vehicle. <\/strong>It is a <strong data-start=\"951\" data-end=\"986\">technological and design vision<\/strong> of what the <strong data-start=\"999\" data-end=\"1050\" data-is-only-node=\"\">future of protection, performance, and prestige<\/strong> can look like \u2014 all embodied in one machine.<\/p>\t\t\t\t\t\t\t\t<\/div>\n\t\t\t\t<\/div>\n\t\t\t\t<\/div>\n\t\t\t\t<div class=\"elementor-element elementor-element-6b25c3c elementor-widget-divider--view-line elementor-widget elementor-widget-divider\" data-id=\"6b25c3c\" data-element_type=\"widget\" data-widget_type=\"divider.default\">\n\t\t\t\t<div class=\"elementor-widget-container\">\n\t\t\t\t\t\t\t<div class=\"elementor-divider\">\n\t\t\t<span class=\"elementor-divider-separator\">\n\t\t\t\t\t\t<\/span>\n\t\t<\/div>\n\t\t\t\t\t\t<\/div>\n\t\t\t\t<\/div>\n\t\t\t\t<div class=\"elementor-element elementor-element-c3ead67 elementor-widget elementor-widget-spacer\" data-id=\"c3ead67\" data-element_type=\"widget\" data-widget_type=\"spacer.default\">\n\t\t\t\t<div class=\"elementor-widget-container\">\n\t\t\t\t\t\t\t<div class=\"elementor-spacer\">\n\t\t\t<div class=\"elementor-spacer-inner\"><\/div>\n\t\t<\/div>\n\t\t\t\t\t\t<\/div>\n\t\t\t\t<\/div>\n\t\t\t\t<div class=\"elementor-element elementor-element-f0f7ea0 elementor-widget elementor-widget-text-editor\" data-id=\"f0f7ea0\" data-element_type=\"widget\" data-widget_type=\"text-editor.default\">\n\t\t\t\t<div class=\"elementor-widget-container\">\n\t\t\t\t\t\t\t\t\t<p>History:<\/p>\t\t\t\t\t\t\t\t<\/div>\n\t\t\t\t<\/div>\n\t\t\t\t<div class=\"elementor-element elementor-element-3c0af9a elementor-arrows-position-inside elementor-pagination-position-outside elementor-widget elementor-widget-image-carousel\" data-id=\"3c0af9a\" data-element_type=\"widget\" data-settings=\"{&quot;autoplay_speed&quot;:800,&quot;speed&quot;:2000,&quot;navigation&quot;:&quot;both&quot;,&quot;autoplay&quot;:&quot;yes&quot;,&quot;pause_on_hover&quot;:&quot;yes&quot;,&quot;pause_on_interaction&quot;:&quot;yes&quot;,&quot;infinite&quot;:&quot;yes&quot;}\" data-widget_type=\"image-carousel.default\">\n\t\t\t\t<div class=\"elementor-widget-container\">\n\t\t\t\t\t\t\t<div class=\"elementor-image-carousel-wrapper swiper\" role=\"region\" aria-roledescription=\"carousel\" aria-label=\"Obr\u00e1zkov\u00fd kot\u00fa\u010d\" dir=\"ltr\">\n\t\t\t<div class=\"elementor-image-carousel swiper-wrapper\" aria-live=\"off\">\n\t\t\t\t\t\t\t\t<div class=\"swiper-slide\" role=\"group\" aria-roledescription=\"slide\" aria-label=\"1 of 16\"><figure class=\"swiper-slide-inner\"><img decoding=\"async\" class=\"swiper-slide-image\" src=\"https:\/\/www.terron.sk\/wp-content\/uploads\/2025\/11\/01-1-768x427.jpg\" alt=\"TERRON - reference WOLF\" \/><\/figure><\/div><div class=\"swiper-slide\" role=\"group\" aria-roledescription=\"slide\" aria-label=\"2 of 16\"><figure class=\"swiper-slide-inner\"><img decoding=\"async\" class=\"swiper-slide-image\" src=\"https:\/\/www.terron.sk\/wp-content\/uploads\/2025\/11\/11-768x427.jpg\" alt=\"TERRON - reference WOLF\" \/><\/figure><\/div><div class=\"swiper-slide\" role=\"group\" aria-roledescription=\"slide\" aria-label=\"3 of 16\"><figure class=\"swiper-slide-inner\"><img decoding=\"async\" class=\"swiper-slide-image\" src=\"https:\/\/www.terron.sk\/wp-content\/uploads\/2025\/11\/02-1-768x427.jpg\" alt=\"TERRON - reference WOLF\" \/><\/figure><\/div><div class=\"swiper-slide\" role=\"group\" aria-roledescription=\"slide\" aria-label=\"4 of 16\"><figure class=\"swiper-slide-inner\"><img decoding=\"async\" class=\"swiper-slide-image\" src=\"https:\/\/www.terron.sk\/wp-content\/uploads\/2025\/11\/14-768x427.jpg\" alt=\"TERRON - reference WOLF\" \/><\/figure><\/div><div class=\"swiper-slide\" role=\"group\" aria-roledescription=\"slide\" aria-label=\"5 of 16\"><figure class=\"swiper-slide-inner\"><img decoding=\"async\" class=\"swiper-slide-image\" src=\"https:\/\/www.terron.sk\/wp-content\/uploads\/2025\/11\/03-1-768x427.jpg\" alt=\"TERRON - reference WOLF\" \/><\/figure><\/div><div class=\"swiper-slide\" role=\"group\" aria-roledescription=\"slide\" aria-label=\"6 of 16\"><figure class=\"swiper-slide-inner\"><img decoding=\"async\" class=\"swiper-slide-image\" src=\"https:\/\/www.terron.sk\/wp-content\/uploads\/2025\/11\/12-768x427.jpg\" alt=\"TERRON - reference WOLF\" \/><\/figure><\/div><div class=\"swiper-slide\" role=\"group\" aria-roledescription=\"slide\" aria-label=\"7 of 16\"><figure class=\"swiper-slide-inner\"><img decoding=\"async\" class=\"swiper-slide-image\" src=\"https:\/\/www.terron.sk\/wp-content\/uploads\/2025\/11\/04-1-768x427.jpg\" alt=\"TERRON - reference WOLF\" \/><\/figure><\/div><div class=\"swiper-slide\" role=\"group\" aria-roledescription=\"slide\" aria-label=\"8 of 16\"><figure class=\"swiper-slide-inner\"><img decoding=\"async\" class=\"swiper-slide-image\" src=\"https:\/\/www.terron.sk\/wp-content\/uploads\/2025\/11\/05-1-768x427.jpg\" alt=\"TERRON - reference WOLF\" \/><\/figure><\/div><div class=\"swiper-slide\" role=\"group\" aria-roledescription=\"slide\" aria-label=\"9 of 16\"><figure class=\"swiper-slide-inner\"><img decoding=\"async\" class=\"swiper-slide-image\" src=\"https:\/\/www.terron.sk\/wp-content\/uploads\/2025\/11\/06-1-768x427.jpg\" alt=\"TERRON - reference WOLF\" \/><\/figure><\/div><div class=\"swiper-slide\" role=\"group\" aria-roledescription=\"slide\" aria-label=\"10 of 16\"><figure class=\"swiper-slide-inner\"><img decoding=\"async\" class=\"swiper-slide-image\" src=\"https:\/\/www.terron.sk\/wp-content\/uploads\/2025\/11\/13-768x427.jpg\" alt=\"TERRON - reference WOLF\" \/><\/figure><\/div><div class=\"swiper-slide\" role=\"group\" aria-roledescription=\"slide\" aria-label=\"11 of 16\"><figure class=\"swiper-slide-inner\"><img decoding=\"async\" class=\"swiper-slide-image\" src=\"https:\/\/www.terron.sk\/wp-content\/uploads\/2025\/11\/07-1-768x427.jpg\" alt=\"TERRON - reference WOLF\" \/><\/figure><\/div><div class=\"swiper-slide\" role=\"group\" aria-roledescription=\"slide\" aria-label=\"12 of 16\"><figure class=\"swiper-slide-inner\"><img decoding=\"async\" class=\"swiper-slide-image\" src=\"https:\/\/www.terron.sk\/wp-content\/uploads\/2025\/11\/16-768x427.jpg\" alt=\"TERRON - reference WOLF\" \/><\/figure><\/div><div class=\"swiper-slide\" role=\"group\" aria-roledescription=\"slide\" aria-label=\"13 of 16\"><figure class=\"swiper-slide-inner\"><img decoding=\"async\" class=\"swiper-slide-image\" src=\"https:\/\/www.terron.sk\/wp-content\/uploads\/2025\/11\/08-768x427.jpg\" alt=\"TERRON - reference WOLF\" \/><\/figure><\/div><div class=\"swiper-slide\" role=\"group\" aria-roledescription=\"slide\" aria-label=\"14 of 16\"><figure class=\"swiper-slide-inner\"><img decoding=\"async\" class=\"swiper-slide-image\" src=\"https:\/\/www.terron.sk\/wp-content\/uploads\/2025\/11\/15-768x427.jpg\" alt=\"TERRON - reference WOLF\" \/><\/figure><\/div><div class=\"swiper-slide\" role=\"group\" aria-roledescription=\"slide\" aria-label=\"15 of 16\"><figure class=\"swiper-slide-inner\"><img decoding=\"async\" class=\"swiper-slide-image\" src=\"https:\/\/www.terron.sk\/wp-content\/uploads\/2025\/11\/09-768x427.jpg\" alt=\"TERRON - reference WOLF\" \/><\/figure><\/div><div class=\"swiper-slide\" role=\"group\" aria-roledescription=\"slide\" aria-label=\"16 of 16\"><figure class=\"swiper-slide-inner\"><img decoding=\"async\" class=\"swiper-slide-image\" src=\"https:\/\/www.terron.sk\/wp-content\/uploads\/2025\/11\/10-768x427.jpg\" alt=\"TERRON - reference WOLF\" \/><\/figure><\/div>\t\t\t<\/div>\n\t\t\t\t\t\t\t\t\t\t\t\t<div class=\"elementor-swiper-button elementor-swiper-button-prev\" role=\"button\" tabindex=\"0\">\n\t\t\t\t\t\t<svg aria-hidden=\"true\" class=\"e-font-icon-svg e-eicon-chevron-left\" viewBox=\"0 0 1000 1000\" xmlns=\"http:\/\/www.w3.org\/2000\/svg\"><path d=\"M646 125C629 125 613 133 604 142L308 442C296 454 292 471 292 487 292 504 296 521 308 533L604 854C617 867 629 875 646 875 663 875 679 871 692 858 704 846 713 829 713 812 713 796 708 779 692 767L438 487 692 225C700 217 708 204 708 187 708 171 704 154 692 142 675 129 663 125 646 125Z\"><\/path><\/svg>\t\t\t\t\t<\/div>\n\t\t\t\t\t<div class=\"elementor-swiper-button elementor-swiper-button-next\" role=\"button\" tabindex=\"0\">\n\t\t\t\t\t\t<svg aria-hidden=\"true\" class=\"e-font-icon-svg e-eicon-chevron-right\" viewBox=\"0 0 1000 1000\" xmlns=\"http:\/\/www.w3.org\/2000\/svg\"><path d=\"M696 533C708 521 713 504 713 487 713 471 708 454 696 446L400 146C388 133 375 125 354 125 338 125 325 129 313 142 300 154 292 171 292 187 292 204 296 221 308 233L563 492 304 771C292 783 288 800 288 817 288 833 296 850 308 863 321 871 338 875 354 875 371 875 388 867 400 854L696 533Z\"><\/path><\/svg>\t\t\t\t\t<\/div>\n\t\t\t\t\n\t\t\t\t\t\t\t\t\t<div class=\"swiper-pagination\"><\/div>\n\t\t\t\t\t\t\t\t\t<\/div>\n\t\t\t\t\t\t<\/div>\n\t\t\t\t<\/div>\n\t\t\t\t<div class=\"elementor-element elementor-element-7448976 elementor-widget elementor-widget-spacer\" data-id=\"7448976\" data-element_type=\"widget\" data-widget_type=\"spacer.default\">\n\t\t\t\t<div class=\"elementor-widget-container\">\n\t\t\t\t\t\t\t<div class=\"elementor-spacer\">\n\t\t\t<div class=\"elementor-spacer-inner\"><\/div>\n\t\t<\/div>\n\t\t\t\t\t\t<\/div>\n\t\t\t\t<\/div>\n\t\t\t\t<div class=\"elementor-element elementor-element-7339411 elementor-widget elementor-widget-spacer\" data-id=\"7339411\" data-element_type=\"widget\" data-widget_type=\"spacer.default\">\n\t\t\t\t<div class=\"elementor-widget-container\">\n\t\t\t\t\t\t\t<div class=\"elementor-spacer\">\n\t\t\t<div class=\"elementor-spacer-inner\"><\/div>\n\t\t<\/div>\n\t\t\t\t\t\t<\/div>\n\t\t\t\t<\/div>\n\t\t\t\t\t<\/div>\n\t\t\t\t<\/div>\n\t\t\t\t<\/div>\n\t\t","protected":false},"excerpt":{"rendered":"<p>Engineered in Slovakia. Crafted for the World. \u00a0About The TERRON brand was born from years of experience in the design, development, and production of military and special-purpose vehicles. Our team has been behind several armored and tactical platform prototypes, from conceptual design to testing of ballistic and anti-blast protection. Based on this expertise, the idea [&hellip;]<\/p>\n","protected":false},"author":1,"featured_media":0,"parent":0,"menu_order":0,"comment_status":"closed","ping_status":"closed","template":"elementor_header_footer","meta":{"footnotes":""},"class_list":["post-626","page","type-page","status-publish","hentry"],"_links":{"self":[{"href":"https:\/\/www.terron.sk\/index.php\/wp-json\/wp\/v2\/pages\/626","targetHints":{"allow":["GET"]}}],"collection":[{"href":"https:\/\/www.terron.sk\/index.php\/wp-json\/wp\/v2\/pages"}],"about":[{"href":"https:\/\/www.terron.sk\/index.php\/wp-json\/wp\/v2\/types\/page"}],"author":[{"embeddable":true,"href":"https:\/\/www.terron.sk\/index.php\/wp-json\/wp\/v2\/users\/1"}],"replies":[{"embeddable":true,"href":"https:\/\/www.terron.sk\/index.php\/wp-json\/wp\/v2\/comments?post=626"}],"version-history":[{"count":82,"href":"https:\/\/www.terron.sk\/index.php\/wp-json\/wp\/v2\/pages\/626\/revisions"}],"predecessor-version":[{"id":806,"href":"https:\/\/www.terron.sk\/index.php\/wp-json\/wp\/v2\/pages\/626\/revisions\/806"}],"wp:attachment":[{"href":"https:\/\/www.terron.sk\/index.php\/wp-json\/wp\/v2\/media?parent=626"}],"curies":[{"name":"wp","href":"https:\/\/api.w.org\/{rel}","templated":true}]}}